{"id":17827,"date":"2026-01-12T11:43:08","date_gmt":"2026-01-12T11:43:08","guid":{"rendered":"https:\/\/futureofsportshub.com\/collaborators-club-fuer-marken\/"},"modified":"2026-01-12T11:43:08","modified_gmt":"2026-01-12T11:43:08","slug":"collaborators-club-fuer-marken","status":"publish","type":"page","link":"https:\/\/futureofsportshub.com\/de\/collaborators-club-fuer-marken\/","title":{"rendered":"Collaborators Club f\u00fcr Marken"},"content":{"rendered":"<h1>Collaborators Club f\u00fcr Marken<\/h1>\n<h2>Verbindungen, die Sie voranbringen<\/h2>\n<p data-start=\"93\" data-end=\"350\">Der Collaborators Club bringt Ihre Marke direkt mit einer globalen Community leidenschaftlicher Sportler zusammen. Durch authentischen Austausch und reale Tests erhalten Sie wertvolle Einblicke in die Bed\u00fcrfnisse der Verbraucher, aufkommende Trends und was die Kaufentscheidungen wirklich beeinflusst. Die Plattform, die Marken von der ersten Idee bis zur Markteinf\u00fchrung unterst\u00fctzt, bringt 30.000 unabh\u00e4ngige Verbraucherexperten weltweit zusammen. Dabei handelt es sich nicht um anonyme Tester, sondern um engagierte Sportler, deren ehrlichem Feedback und Fachwissen f\u00fchrende Industriepartner vertrauen.   <\/p>\n<p data-start=\"352\" data-end=\"614\">Sind Sie bereit, echte Erkenntnisse \u00fcber die Verbraucher zu gewinnen? Werden Sie Mitglied im Collaborators Club.  Bald finden Sie hier Informationen dar\u00fcber, wie das geht.<\/p>\n<p>\t\t\t\t\t<a href=\"#\"><br \/>\n  Kollaboration beginnen<br \/>\n\t\t\t\t\t<\/a><br \/>\n\t\t\t\t\t\t\t\t\t\t\t\t\t\t\t<img fetchpriority=\"high\" decoding=\"async\" width=\"590\" height=\"520\" src=\"https:\/\/futureofsportshub.com\/wp-content\/uploads\/2026\/01\/Design-ohne-Titel-11.jpeg\" alt=\"Mitglieder des Collaborators Club testen einen Rucksack\" srcset=\"https:\/\/futureofsportshub.com\/wp-content\/uploads\/2026\/01\/Design-ohne-Titel-11.jpeg 590w, https:\/\/futureofsportshub.com\/wp-content\/uploads\/2026\/01\/Design-ohne-Titel-11-300x264.jpeg 300w, https:\/\/futureofsportshub.com\/wp-content\/uploads\/2026\/01\/Design-ohne-Titel-11-370x326.jpeg 370w\" sizes=\"(max-width: 600px) 100vw, 590px\" title=\"\">\t\t\t\t\t\t\t\t\t\t\t\t\t\t\t<\/p>\n<h3>Warum Sie die Community f\u00fcr die Entwicklung Ihrer Produkte brauchen<\/h3>\n<p data-start=\"0\" data-end=\"55\">Verborgene Kundenbed\u00fcrfnisse entdecken, neue Ideen entwickeln und innovative Produkte f\u00f6rdern - der Collaborators Club definiert die Beziehung zwischen Verbrauchern und Unternehmen neu:<\/p>\n<ul data-start=\"227\" data-end=\"700\">\n<li data-start=\"227\" data-end=\"343\">\n<p data-start=\"229\" data-end=\"343\">Treten Sie in direkten Austausch mit Verbrauchern, die ein besonders starkes Interesse an Innovationen und neuen Produkten haben.<\/p>\n<\/li>\n<li data-start=\"344\" data-end=\"476\">\n<p data-start=\"346\" data-end=\"476\">Mithilfe modernster Plattformtechnologie k\u00f6nnen Ihre Marken- und Verbraucherexperten neue Ideen und Produktmerkmale direkt diskutieren.<\/p>\n<\/li>\n<li data-start=\"477\" data-end=\"582\">\n<p data-start=\"479\" data-end=\"582\">W\u00e4hlen Sie Tester und Entwickler genau nach Ihren Kriterien aus, um ein hohes Ma\u00df an Qualit\u00e4t zu gew\u00e4hrleisten.<\/p>\n<\/li>\n<li data-start=\"583\" data-end=\"700\">\n<p data-start=\"585\" data-end=\"700\">Nutzen Sie Synergien und schaffen Sie einzigartige Erlebnisse vor Ort, wie z.B. Workshops, Previews, etc.<\/p>\n<\/li>\n<\/ul>\n<h3>Collaborators Club Mitglieder<\/h3>\n<p>\t\t\t\t\t\t\t\t\t\t\t\t\t\t\t<img decoding=\"async\" width=\"683\" height=\"1024\" src=\"https:\/\/futureofsportshub.com\/wp-content\/uploads\/2026\/01\/0H1A9372-683x1024.jpeg\" alt=\"\" srcset=\"https:\/\/futureofsportshub.com\/wp-content\/uploads\/2026\/01\/0H1A9372-683x1024.jpeg 683w, https:\/\/futureofsportshub.com\/wp-content\/uploads\/2026\/01\/0H1A9372-200x300.jpeg 200w, https:\/\/futureofsportshub.com\/wp-content\/uploads\/2026\/01\/0H1A9372-768x1152.jpeg 768w, https:\/\/futureofsportshub.com\/wp-content\/uploads\/2026\/01\/0H1A9372-1024x1536.jpeg 1024w, https:\/\/futureofsportshub.com\/wp-content\/uploads\/2026\/01\/0H1A9372-1365x2048.jpeg 1365w, https:\/\/futureofsportshub.com\/wp-content\/uploads\/2026\/01\/0H1A9372-370x555.jpeg 370w, https:\/\/futureofsportshub.com\/wp-content\/uploads\/2026\/01\/0H1A9372-1290x1935.jpeg 1290w, https:\/\/futureofsportshub.com\/wp-content\/uploads\/2026\/01\/0H1A9372-1080x1620.jpeg 1080w, https:\/\/futureofsportshub.com\/wp-content\/uploads\/2026\/01\/0H1A9372-865x1298.jpeg 865w, https:\/\/futureofsportshub.com\/wp-content\/uploads\/2026\/01\/0H1A9372-642x963.jpeg 642w, https:\/\/futureofsportshub.com\/wp-content\/uploads\/2026\/01\/0H1A9372-scaled.jpeg 1707w\" sizes=\"(max-width: 683px) 100vw, 683px\" title=\"\">\t\t\t\t\t\t\t\t\t\t\t\t\t\t\t<\/p>\n<figure>\n\t\t\t\t\t\t\t\t\t\t<img decoding=\"async\" width=\"683\" height=\"1024\" src=\"https:\/\/futureofsportshub.com\/wp-content\/uploads\/2026\/01\/0H1A9091-683x1024.jpeg\" alt=\"Collaborators Club Mitglied Regina Henkel\" srcset=\"https:\/\/futureofsportshub.com\/wp-content\/uploads\/2026\/01\/0H1A9091-683x1024.jpeg 683w, https:\/\/futureofsportshub.com\/wp-content\/uploads\/2026\/01\/0H1A9091-200x300.jpeg 200w, https:\/\/futureofsportshub.com\/wp-content\/uploads\/2026\/01\/0H1A9091-768x1152.jpeg 768w, https:\/\/futureofsportshub.com\/wp-content\/uploads\/2026\/01\/0H1A9091-1024x1536.jpeg 1024w, https:\/\/futureofsportshub.com\/wp-content\/uploads\/2026\/01\/0H1A9091-1365x2048.jpeg 1365w, https:\/\/futureofsportshub.com\/wp-content\/uploads\/2026\/01\/0H1A9091-370x555.jpeg 370w, https:\/\/futureofsportshub.com\/wp-content\/uploads\/2026\/01\/0H1A9091-1290x1935.jpeg 1290w, https:\/\/futureofsportshub.com\/wp-content\/uploads\/2026\/01\/0H1A9091-1080x1620.jpeg 1080w, https:\/\/futureofsportshub.com\/wp-content\/uploads\/2026\/01\/0H1A9091-865x1298.jpeg 865w, https:\/\/futureofsportshub.com\/wp-content\/uploads\/2026\/01\/0H1A9091-642x963.jpeg 642w, https:\/\/futureofsportshub.com\/wp-content\/uploads\/2026\/01\/0H1A9091-scaled.jpeg 1707w\" sizes=\"(max-width: 683px) 100vw, 683px\" title=\"\"><figcaption>Prof. Dr. Martina Wengenmeir, Sportjournalistin<\/figcaption><\/figure>\n<p>\t\t\t\t\t\t\t\t\t\t\t\t\t\t\t<img loading=\"lazy\" decoding=\"async\" width=\"678\" height=\"1024\" src=\"https:\/\/futureofsportshub.com\/wp-content\/uploads\/2026\/01\/0H1A9079-678x1024.jpeg\" alt=\"\" srcset=\"https:\/\/futureofsportshub.com\/wp-content\/uploads\/2026\/01\/0H1A9079-678x1024.jpeg 678w, https:\/\/futureofsportshub.com\/wp-content\/uploads\/2026\/01\/0H1A9079-199x300.jpeg 199w, https:\/\/futureofsportshub.com\/wp-content\/uploads\/2026\/01\/0H1A9079-768x1160.jpeg 768w, https:\/\/futureofsportshub.com\/wp-content\/uploads\/2026\/01\/0H1A9079-1017x1536.jpeg 1017w, https:\/\/futureofsportshub.com\/wp-content\/uploads\/2026\/01\/0H1A9079-1356x2048.jpeg 1356w, https:\/\/futureofsportshub.com\/wp-content\/uploads\/2026\/01\/0H1A9079-370x559.jpeg 370w, https:\/\/futureofsportshub.com\/wp-content\/uploads\/2026\/01\/0H1A9079-1290x1948.jpeg 1290w, https:\/\/futureofsportshub.com\/wp-content\/uploads\/2026\/01\/0H1A9079-1080x1631.jpeg 1080w, https:\/\/futureofsportshub.com\/wp-content\/uploads\/2026\/01\/0H1A9079-865x1306.jpeg 865w, https:\/\/futureofsportshub.com\/wp-content\/uploads\/2026\/01\/0H1A9079-642x969.jpeg 642w, https:\/\/futureofsportshub.com\/wp-content\/uploads\/2026\/01\/0H1A9079-scaled.jpeg 1695w\" sizes=\"(max-width: 678px) 100vw, 678px\" title=\"\"><br \/>\n\t\t\t\t\t\t\t\t\t\t\t\t\t\t\t<img loading=\"lazy\" decoding=\"async\" width=\"683\" height=\"1024\" src=\"https:\/\/futureofsportshub.com\/wp-content\/uploads\/2026\/01\/0H1A9284-683x1024.jpeg\" alt=\"\" srcset=\"https:\/\/futureofsportshub.com\/wp-content\/uploads\/2026\/01\/0H1A9284-683x1024.jpeg 683w, https:\/\/futureofsportshub.com\/wp-content\/uploads\/2026\/01\/0H1A9284-200x300.jpeg 200w, https:\/\/futureofsportshub.com\/wp-content\/uploads\/2026\/01\/0H1A9284-768x1152.jpeg 768w, https:\/\/futureofsportshub.com\/wp-content\/uploads\/2026\/01\/0H1A9284-1024x1536.jpeg 1024w, https:\/\/futureofsportshub.com\/wp-content\/uploads\/2026\/01\/0H1A9284-1365x2048.jpeg 1365w, https:\/\/futureofsportshub.com\/wp-content\/uploads\/2026\/01\/0H1A9284-370x555.jpeg 370w, https:\/\/futureofsportshub.com\/wp-content\/uploads\/2026\/01\/0H1A9284-1290x1935.jpeg 1290w, https:\/\/futureofsportshub.com\/wp-content\/uploads\/2026\/01\/0H1A9284-1080x1620.jpeg 1080w, https:\/\/futureofsportshub.com\/wp-content\/uploads\/2026\/01\/0H1A9284-865x1298.jpeg 865w, https:\/\/futureofsportshub.com\/wp-content\/uploads\/2026\/01\/0H1A9284-642x963.jpeg 642w, https:\/\/futureofsportshub.com\/wp-content\/uploads\/2026\/01\/0H1A9284-scaled.jpeg 1707w\" sizes=\"(max-width: 683px) 100vw, 683px\" title=\"\">\t\t\t\t\t\t\t\t\t\t\t\t\t\t\t<\/p>\n<p>Und viele mehr&#8230;<\/p>\n<h3>Die Erfolge unserer Gesch\u00e4ftspartner<\/h3>\n<h4>Niveau &amp; Polygiene<\/h4>\n<p><em>&#8222;Die Zusammenarbeit war von Anfang bis Ende reibungslos, professionell und perfekt organisiert. Die Tester haben uns wertvolle Erkenntnisse und detailliertes Feedback geliefert, die uns geholfen haben, besser zu verstehen, wie unsere Produkte in realen Szenarien funktionieren.&#8220;<\/em><\/p>\n<p><strong>Level Handschuhe<\/strong><\/p>\n<h4>Bosideng<\/h4>\n<p><em>&#8222;Was wir wirklich sch\u00e4tzen, ist der offene und ehrliche Austausch mit relevanten, engagierten Verbrauchern. Die M\u00f6glichkeit, direkt und einfach mit ausgew\u00e4hlten Verbrauchern zu interagieren, erm\u00f6glicht es uns, wertvolles Feedback, neue Perspektiven und sogar frische Ideen f\u00fcr die weitere Entwicklung zu sammeln.&#8220;<\/em><\/p>\n<p><strong>Bosideng<\/strong><\/p>\n<h4>Merrell<\/h4>\n<p><em>&#8222;Wir haben echte, umsetzbare Erkenntnisse \u00fcber die Verbraucher gewonnen, die unsere Expansion von traditionellen Daunenprodukten zu funktioneller Daunenbekleidung beschleunigt haben. Wir k\u00f6nnen diese Plattform Marken, die einen Durchbruch bei der Produktinnovation und Marktvalidierung anstreben, nur empfehlen.&#8220;<\/em><\/p>\n<p><strong>Merrell<\/strong><\/p>\n<p>\t\t\t\t\t<a href=\"#\"><br \/>\n  Zu den Erfolgsgeschichten<br \/>\n\t\t\t\t\t<\/a><\/p>\n<h3>Finden Sie die L\u00f6sung, die am besten zu Ihnen passt<\/h3>\n<p>Der Collaborators Club bietet ma\u00dfgeschneiderte L\u00f6sungen, um unabh\u00e4ngige, qualifizierte Verbraucherexperten und die Industrie zusammenzubringen. Die hier aufgef\u00fchrten Optionen und Bedingungen sind nur als allgemeine Richtlinie gedacht. Wir entwickeln gerne ein ma\u00dfgeschneidertes  <\/p>\n<h5>Produktpr\u00fcfung<\/h5>\n<p>Beginnend bei \u20ac5.500<\/p>\n<p>Testen Sie Ihre Produkte unter realen Bedingungen und erhalten Sie praktisches Feedback von Ihrer eigentlichen Zielgruppe. Erkenntnisse von leidenschaftlichen Sportlern lassen sich direkt in Produktverbesserungen umsetzen. <\/p>\n<p>\t\t\t\t\t<a href=\"#producttesting\"><br \/>\n  Mehr entdecken<br \/>\n\t\t\t\t\t<\/a><\/p>\n<h5>Projektbezogene Umfragen<\/h5>\n<p>Beginnend bei \u20ac5.000<\/p>\n<p>Sammeln Sie ehrliches, datengest\u00fctztes Feedback von einer internationalen Community von Sportbegeisterten. Strukturierte Verbrauchermeinungen unterst\u00fctzen sichere strategische Entscheidungen. <\/p>\n<p>\t\t\t\t\t<a href=\"#project-basedsurveys\"><br \/>\n  Mehr entdecken<br \/>\n\t\t\t\t\t<\/a><\/p>\n<h5>J\u00e4hrliche Partnerschaften<\/h5>\n<p>Beginnend bei \u20ac12.000<\/p>\n<p>Bauen Sie eine langfristige Zusammenarbeit auf, die mehrere Projekte mit kontinuierlicher Markensichtbarkeit verbindet. Laufende Einblicke in die Verbraucherwelt st\u00e4rken Ihre Marke das ganze Jahr \u00fcber. <\/p>\n<p>\t\t\t\t\t<a href=\"#annualpartnership\"><br \/>\n  Mehr entdecken<br \/>\n\t\t\t\t\t<\/a><\/p>\n<h3>Produktpr\u00fcfung<\/h3>\n<p data-start=\"437\" data-end=\"739\">Unsere Mitarbeiter sind keine Klickarbeiter, sondern echte, begeisterte Sportler. Ihre Erkenntnisse aus unabh\u00e4ngigen Tests haben bereits zahlreiche renommierte Industriepartner \u00fcberzeugt. Ganz gleich, ob ein Produkt bereits auf dem Markt erh\u00e4ltlich ist oder sich noch im Prototypenstadium befindet, wir finden immer die richtige Zielgruppe. Wir sind bestrebt, den Aufwand f\u00fcr Gesch\u00e4ftsmitglieder so gering wie m\u00f6glich zu halten und k\u00f6nnen Tests in den verschiedensten Bereichen und Regionen durchf\u00fchren. Die Kosten h\u00e4ngen von der H\u00f6he des Aufwands ab.    <\/p>\n<p>\t\t\t\t\t\t\t\t\t\t\t\t\t\t\t<img loading=\"lazy\" decoding=\"async\" width=\"590\" height=\"545\" src=\"https:\/\/futureofsportshub.com\/wp-content\/uploads\/2026\/01\/Design-ohne-Titel-15.jpeg\" alt=\"Nahaufnahme eines Produkttests\" srcset=\"https:\/\/futureofsportshub.com\/wp-content\/uploads\/2026\/01\/Design-ohne-Titel-15.jpeg 590w, https:\/\/futureofsportshub.com\/wp-content\/uploads\/2026\/01\/Design-ohne-Titel-15-300x277.jpeg 300w, https:\/\/futureofsportshub.com\/wp-content\/uploads\/2026\/01\/Design-ohne-Titel-15-370x342.jpeg 370w\" sizes=\"(max-width: 600px) 100vw, 590px\" title=\"\">\t\t\t\t\t\t\t\t\t\t\t\t\t\t\t<\/p>\n<p data-start=\"993\" data-end=\"1006\"><strong data-start=\"993\" data-end=\"1006\">Beispiel: 1 Test mit ca. 10-50 Testern aus der D\/A\/CH-Region <\/strong><\/p>\n<ul data-start=\"1007\" data-end=\"1443\">\n<li data-start=\"1007\" data-end=\"1053\">\n<p data-start=\"1009\" data-end=\"1053\">Erstes Briefinggespr\u00e4ch zur Festlegung der Ziele<\/p>\n<\/li>\n<li data-start=\"1007\" data-end=\"1053\">\n<p data-start=\"1009\" data-end=\"1053\">Teaser-Artikel im Collaborators Club Hub<\/p>\n<\/li>\n<li data-start=\"1108\" data-end=\"1173\">\n<p data-start=\"1110\" data-end=\"1173\">Segmentierung und mehrere Abrufphasen innerhalb der Community<\/p>\n<\/li>\n<li data-start=\"1174\" data-end=\"1198\">\n<p data-start=\"1176\" data-end=\"1198\">Auswahl der Tester<\/p>\n<\/li>\n<li data-start=\"1199\" data-end=\"1273\">\n<p data-start=\"1201\" data-end=\"1273\">Unterst\u00fctzung beim Versand von Mustern (der Versand erfolgt durch das Gesch\u00e4ftsmitglied)<\/p>\n<\/li>\n<li data-start=\"1274\" data-end=\"1329\">\n<p data-start=\"1276\" data-end=\"1329\">Durchf\u00fchrung und \u00dcberwachung des Tests, der auf einer Umfrage basiert<\/p>\n<\/li>\n<li data-start=\"1330\" data-end=\"1374\">\n<p data-start=\"1332\" data-end=\"1374\">Detaillierte Berichterstattung (Pr\u00e4sentationsformat)<\/p>\n<\/li>\n<li data-start=\"1375\" data-end=\"1443\">\n<p data-start=\"1377\" data-end=\"1443\">&#8222;Best of Testing&#8220; Fotostory im Collaborators Club Hub<\/p>\n<\/li>\n<\/ul>\n<p data-start=\"1445\" data-end=\"1466\"><strong data-start=\"1445\" data-end=\"1455\">Preis:<\/strong> \u20ac5.500 netto<br \/><strong data-start=\"1468\" data-end=\"1481\">Optional: <\/strong>Das Feedback der Tester dient als Grundlage f\u00fcr einen mehrsprachigen Artikel auf futureofsportshub.com. <strong>Ab \u20ac1,000 zus\u00e4tzlich<\/strong><\/p>\n<p>\t\t\t\t\t<a href=\"#\"><br \/>\n  Kontaktieren Sie uns jetzt<br \/>\n\t\t\t\t\t<\/a><\/p>\n<h3>Projektbezogene Umfragen<\/h3>\n<p>Wir bringen die unabh\u00e4ngige Stimme der Verbraucher direkt zu den Industriepartnern - unvoreingenommen, ehrlich und international.<\/p>\n<p data-start=\"993\" data-end=\"1006\"><strong data-start=\"993\" data-end=\"1006\">Beispiel: 1 Umfrage mit ca. 150 Teilnehmern aus der D\/A\/CH-Region <\/strong><\/p>\n<ul data-start=\"2184\" data-end=\"2546\">\n<li data-start=\"2184\" data-end=\"2230\">\n<p data-start=\"2186\" data-end=\"2230\">Erstes Briefinggespr\u00e4ch zur Festlegung der Ziele<\/p>\n<\/li>\n<li data-start=\"2231\" data-end=\"2250\">\n<p data-start=\"2233\" data-end=\"2250\">Umfrage erstellen<\/p>\n<\/li>\n<li data-start=\"2251\" data-end=\"2304\">\n<p data-start=\"2253\" data-end=\"2304\">Teaser-Artikel im ISPO Collaborators Club Hub<\/p>\n<\/li>\n<li data-start=\"2305\" data-end=\"2370\">\n<p data-start=\"2307\" data-end=\"2370\">Segmentierung und mehrere Abrufphasen innerhalb der Community<\/p>\n<\/li>\n<li data-start=\"2371\" data-end=\"2400\">\n<p data-start=\"2373\" data-end=\"2400\">Auswahl der Teilnehmer<\/p>\n<\/li>\n<li data-start=\"2401\" data-end=\"2444\">\n<p data-start=\"2403\" data-end=\"2444\">Durchf\u00fchrung und \u00dcberwachung der Umfrage<\/p>\n<\/li>\n<li data-start=\"2445\" data-end=\"2489\">\n<p data-start=\"2447\" data-end=\"2489\">Detaillierte Berichterstattung (Pr\u00e4sentationsformat)<\/p>\n<\/li>\n<li data-start=\"2490\" data-end=\"2546\">\n<p data-start=\"2492\" data-end=\"2546\">&#8222;Best of&#8220;-Feature im ISPO Collaborators Club Hub<\/p>\n<\/li>\n<\/ul>\n<p data-start=\"2548\" data-end=\"2569\"><strong data-start=\"2548\" data-end=\"2558\">Preis:<\/strong> 5.000 \u20ac netto<br \/><strong data-start=\"2571\" data-end=\"2584\">Optional: <\/strong>Die Umfrageergebnisse bilden die Grundlage f\u00fcr einen mehrsprachigen Artikel auf futureofsportshub.com. <strong>Ab \u20ac1,000 zus\u00e4tzlich<\/strong><\/p>\n<p>\t\t\t\t\t\t\t\t\t\t\t\t\t\t\t<img loading=\"lazy\" decoding=\"async\" width=\"590\" height=\"516\" src=\"https:\/\/futureofsportshub.com\/wp-content\/uploads\/2026\/01\/Design-ohne-Titel-16.jpeg\" alt=\"Mitglied des Collaborators Club bei einer Umfrage\" srcset=\"https:\/\/futureofsportshub.com\/wp-content\/uploads\/2026\/01\/Design-ohne-Titel-16.jpeg 590w, https:\/\/futureofsportshub.com\/wp-content\/uploads\/2026\/01\/Design-ohne-Titel-16-300x262.jpeg 300w, https:\/\/futureofsportshub.com\/wp-content\/uploads\/2026\/01\/Design-ohne-Titel-16-370x324.jpeg 370w, https:\/\/futureofsportshub.com\/wp-content\/uploads\/2026\/01\/Design-ohne-Titel-16-433x380.jpeg 433w\" sizes=\"(max-width: 600px) 100vw, 590px\" title=\"\"><br \/>\n\t\t\t\t\t<a href=\"#\"><br \/>\n  Kontaktieren Sie uns jetzt<br \/>\n\t\t\t\t\t<\/a><\/p>\n<h3>J\u00e4hrliche Partnerschaft<\/h3>\n<p data-start=\"2936\" data-end=\"3238\">Eine ma\u00dfgeschneiderte j\u00e4hrliche Partnerschaft umfasst mindestens zwei projektbezogene Kooperationen (Tests oder Umfragen), eine ganzj\u00e4hrige Pr\u00e4senz im Hub und einen Workshop. Die Projektergebnisse werden redaktionell in Artikeln auf futureofsportshub.com pr\u00e4sentiert und von einem speziellen Content-Team unterst\u00fctzt (Content Push). <\/p>\n<p data-start=\"3240\" data-end=\"3267\"><strong data-start=\"3240\" data-end=\"3250\">Preis:<\/strong> ab 12.000 \u20ac netto<\/p>\n<p>\t\t\t\t\t<a href=\"#\"><br \/>\n  Kontaktieren Sie uns jetzt<br \/>\n\t\t\t\t\t<\/a><\/p>\n","protected":false},"excerpt":{"rendered":"<p>Collaborators Club f\u00fcr Marken Verbindungen, die Sie voranbringen Der Collaborators Club bringt Ihre Marke direkt mit einer globalen Community leidenschaftlicher Sportler zusammen. Durch authentischen Austausch und reale Tests erhalten Sie wertvolle Einblicke in die Bed\u00fcrfnisse der Verbraucher, aufkommende Trends und was die Kaufentscheidungen wirklich beeinflusst. Die Plattform, die Marken von der ersten Idee bis zur&hellip;<\/p>\n","protected":false},"author":11,"featured_media":0,"parent":0,"menu_order":0,"comment_status":"closed","ping_status":"closed","template":"","meta":{"_acf_changed":false,"footnotes":""},"class_list":["post-17827","page","type-page","status-publish","hentry"],"acf":[],"_links":{"self":[{"href":"https:\/\/futureofsportshub.com\/de\/wp-json\/wp\/v2\/pages\/17827","targetHints":{"allow":["GET"]}}],"collection":[{"href":"https:\/\/futureofsportshub.com\/de\/wp-json\/wp\/v2\/pages"}],"about":[{"href":"https:\/\/futureofsportshub.com\/de\/wp-json\/wp\/v2\/types\/page"}],"author":[{"embeddable":true,"href":"https:\/\/futureofsportshub.com\/de\/wp-json\/wp\/v2\/users\/11"}],"replies":[{"embeddable":true,"href":"https:\/\/futureofsportshub.com\/de\/wp-json\/wp\/v2\/comments?post=17827"}],"version-history":[{"count":0,"href":"https:\/\/futureofsportshub.com\/de\/wp-json\/wp\/v2\/pages\/17827\/revisions"}],"wp:attachment":[{"href":"https:\/\/futureofsportshub.com\/de\/wp-json\/wp\/v2\/media?parent=17827"}],"curies":[{"name":"wp","href":"https:\/\/api.w.org\/{rel}","templated":true}]}}