{"id":15922,"date":"2025-12-23T09:15:25","date_gmt":"2025-12-23T09:15:25","guid":{"rendered":"https:\/\/futureofsportshub.com\/impressum\/"},"modified":"2026-01-22T11:21:32","modified_gmt":"2026-01-22T11:21:32","slug":"impressum","status":"publish","type":"page","link":"https:\/\/futureofsportshub.com\/de\/impressum\/","title":{"rendered":"Impressum"},"content":{"rendered":"<h1 style=\"color: #000000; font-size: medium; font-style: normal; font-weight: 400; letter-spacing: normal;\" data-start=\"0\" data-end=\"26\"><strong data-start=\"0\" data-end=\"26\">Impressum<\/strong><\/h1>\n<p style=\"color: #000000; font-size: medium; font-style: normal; font-weight: 400; letter-spacing: normal;\" data-start=\"28\" data-end=\"95\">Angaben gem\u00e4\u00df \u00a7 5 TMG<\/p>\n<p style=\"color: #000000; font-size: medium; font-style: normal; font-weight: 400; letter-spacing: normal;\" data-start=\"97\" data-end=\"160\">contentkueche GmbH<br data-start=\"115\" data-end=\"118\" \/>Herzogstra\u00dfe 64<br data-start=\"133\" data-end=\"136\" \/>80803 M\u00fcnchen<br data-start=\"148\" data-end=\"151\" \/>Deutschland<\/p>\n<p style=\"color: #000000; font-size: medium; font-style: normal; font-weight: 400; letter-spacing: normal;\" data-start=\"162\" data-end=\"235\">Handelsregister: HRB 193736<br data-start=\"193\" data-end=\"196\" \/>Registergericht: Amtsgericht M\u00fcnchen<\/p>\n<p style=\"color: #000000; font-size: medium; font-style: normal; font-weight: 400; letter-spacing: normal;\" data-start=\"237\" data-end=\"269\">Vertreten durch:<br data-start=\"252\" data-end=\"255\" \/>Nadine Meyer<\/p>\n<h2 style=\"color: #000000; font-size: medium; font-style: normal; font-weight: 400; letter-spacing: normal;\" data-start=\"271\" data-end=\"352\"><strong data-start=\"271\" data-end=\"282\">Kontakt<\/strong><\/h2>\n<h2 style=\"color: #000000; font-size: medium; font-style: normal; font-weight: 400; letter-spacing: normal;\" data-start=\"271\" data-end=\"352\">E-Mail: futureofsportshub@contentkueche.de<br \/>\nTelefon: +49 (0)89 20070899<\/h2>\n<h2 style=\"color: #000000; font-size: medium; font-style: normal; font-weight: 400; letter-spacing: normal;\" data-start=\"271\" data-end=\"352\"><strong style=\"font-family: Roboto, sans-serif;\" data-start=\"354\" data-end=\"364\">Umsatzsteuer-ID<\/strong><\/h2>\n<p style=\"color: #000000; font-size: medium; font-style: normal; font-weight: 400; letter-spacing: normal;\" data-start=\"354\" data-end=\"468\">Umsatzsteuer-Identifikationsnummer gem\u00e4\u00df \u00a7 27 a Umsatzsteuergesetz:<br data-start=\"452\" data-end=\"455\" \/>DE278991257<\/p>\n<h2 style=\"color: #000000; font-size: medium; font-style: normal; font-weight: 400; letter-spacing: normal;\" data-start=\"470\" data-end=\"557\"><strong data-start=\"470\" data-end=\"497\">Redaktionell verantwortlich<\/strong><br \/>\nConstantin Duge<\/h2>\n<h2 style=\"color: #000000; font-size: medium; font-style: normal; font-weight: 400; letter-spacing: normal;\" data-start=\"559\" data-end=\"707\"><strong data-start=\"559\" data-end=\"584\">EU-Streitschlichtung<\/strong><br data-start=\"584\" data-end=\"587\" \/>Die Europ\u00e4ische Kommission stellt eine Plattform zur Online-Streitbeilegung (OS) bereit:<br data-start=\"667\" data-end=\"670\" \/><a href=\"https:\/\/ec.europa.eu\/consumers\/odr\/\" target=\"_new\" rel=\"noopener\" data-start=\"670\" data-end=\"705\">https:\/\/ec.europa.eu\/consumers\/odr\/<\/a><\/h2>\n<h2 style=\"color: #000000; font-size: medium; font-style: normal; font-weight: 400; letter-spacing: normal;\" data-start=\"769\" data-end=\"953\"><strong data-start=\"769\" data-end=\"830\">Verbraucherstreitbeilegung\/Universalschlichtungsstelle<\/strong><br data-start=\"830\" data-end=\"833\" \/>Wir sind nicht bereit oder verpflichtet, an Streitbeilegungsverfahren vor einer<br \/>\nVerbraucherschlichtungsstelle teilzunehmen.<\/h2>\n","protected":false},"excerpt":{"rendered":"<p>Impressum Angaben gem\u00e4\u00df \u00a7 5 TMG contentkueche GmbHHerzogstra\u00dfe 6480803 M\u00fcnchenDeutschland Handelsregister: HRB 193736Registergericht: Amtsgericht M\u00fcnchen Vertreten durch:Nadine Meyer Kontakt E-Mail: futureofsportshub@contentkueche.de Telefon: +49 (0)89 20070899 Umsatzsteuer-ID Umsatzsteuer-Identifikationsnummer gem\u00e4\u00df \u00a7 27 a Umsatzsteuergesetz:DE278991257 Redaktionell verantwortlich Constantin Duge EU-StreitschlichtungDie Europ\u00e4ische Kommission stellt eine Plattform zur Online-Streitbeilegung (OS) bereit:https:\/\/ec.europa.eu\/consumers\/odr\/ Verbraucherstreitbeilegung\/UniversalschlichtungsstelleWir sind nicht bereit oder verpflichtet, an Streitbeilegungsverfahren vor&hellip;<\/p>\n","protected":false},"author":1,"featured_media":0,"parent":0,"menu_order":0,"comment_status":"closed","ping_status":"closed","template":"","meta":{"_acf_changed":false,"footnotes":""},"class_list":["post-15922","page","type-page","status-publish","hentry"],"acf":[],"_links":{"self":[{"href":"https:\/\/futureofsportshub.com\/de\/wp-json\/wp\/v2\/pages\/15922","targetHints":{"allow":["GET"]}}],"collection":[{"href":"https:\/\/futureofsportshub.com\/de\/wp-json\/wp\/v2\/pages"}],"about":[{"href":"https:\/\/futureofsportshub.com\/de\/wp-json\/wp\/v2\/types\/page"}],"author":[{"embeddable":true,"href":"https:\/\/futureofsportshub.com\/de\/wp-json\/wp\/v2\/users\/1"}],"replies":[{"embeddable":true,"href":"https:\/\/futureofsportshub.com\/de\/wp-json\/wp\/v2\/comments?post=15922"}],"version-history":[{"count":3,"href":"https:\/\/futureofsportshub.com\/de\/wp-json\/wp\/v2\/pages\/15922\/revisions"}],"predecessor-version":[{"id":16854,"href":"https:\/\/futureofsportshub.com\/de\/wp-json\/wp\/v2\/pages\/15922\/revisions\/16854"}],"wp:attachment":[{"href":"https:\/\/futureofsportshub.com\/de\/wp-json\/wp\/v2\/media?parent=15922"}],"curies":[{"name":"wp","href":"https:\/\/api.w.org\/{rel}","templated":true}]}}